{"id":1390,"date":"2025-12-12T13:42:09","date_gmt":"2025-12-12T12:42:09","guid":{"rendered":"https:\/\/ssnpgroup.com\/recerca\/"},"modified":"2026-04-13T20:07:59","modified_gmt":"2026-04-13T18:07:59","slug":"recerca","status":"publish","type":"page","link":"https:\/\/ssnpgroup.com\/ca\/recerca\/","title":{"rendered":"Recerca"},"content":{"rendered":"<p>[et_pb_section fb_built=&#8221;1&#8243; fullwidth=&#8221;on&#8221; _builder_version=&#8221;4.27.5&#8243; _module_preset=&#8221;default&#8221; da_disable_devices=&#8221;off|off|off&#8221; global_colors_info=&#8221;{}&#8221; admin_label=&#8221;Section&#8221; da_is_popup=&#8221;off&#8221; da_exit_intent=&#8221;off&#8221; da_has_close=&#8221;on&#8221; da_alt_close=&#8221;off&#8221; da_dark_close=&#8221;off&#8221; da_not_modal=&#8221;on&#8221; da_is_singular=&#8221;off&#8221; da_with_loader=&#8221;off&#8221; da_has_shadow=&#8221;on&#8221;][et_pb_fullwidth_header title=&#8221;RECERCA&#8221; text_orientation=&#8221;center&#8221; admin_label=&#8221;RESEARCH&#8221; _builder_version=&#8221;4.27.5&#8243; _module_preset=&#8221;default&#8221; title_font=&#8221;|700|||||||&#8221; background_image=&#8221;https:\/\/ssnpgroup.com\/wp-content\/uploads\/2026\/02\/research-header.jpg&#8221; custom_padding=&#8221;8vw||8vw||true|false&#8221; global_colors_info=&#8221;{}&#8221;][\/et_pb_fullwidth_header][\/et_pb_section][et_pb_section fb_built=&#8221;1&#8243; admin_label=&#8221;Research areas&#8221; _builder_version=&#8221;4.27.5&#8243; _module_preset=&#8221;default&#8221; background_color=&#8221;#FFFFFF&#8221; custom_padding=&#8221;||0px|||&#8221; da_disable_devices=&#8221;off|off|off&#8221; collapsed=&#8221;on&#8221; global_colors_info=&#8221;{}&#8221; da_is_popup=&#8221;off&#8221; da_exit_intent=&#8221;off&#8221; da_has_close=&#8221;on&#8221; da_alt_close=&#8221;off&#8221; da_dark_close=&#8221;off&#8221; da_not_modal=&#8221;on&#8221; da_is_singular=&#8221;off&#8221; da_with_loader=&#8221;off&#8221; da_has_shadow=&#8221;on&#8221;][et_pb_row _builder_version=&#8221;4.27.5&#8243; _module_preset=&#8221;default&#8221; global_colors_info=&#8221;{}&#8221;][et_pb_column type=&#8221;4_4&#8243; _builder_version=&#8221;4.27.5&#8243; _module_preset=&#8221;default&#8221; custom_padding=&#8221;||||false|false&#8221; custom_padding_tablet=&#8221;0%||||false|false&#8221; custom_padding_phone=&#8221;0%||||false|false&#8221; custom_padding_last_edited=&#8221;on|desktop&#8221; global_colors_info=&#8221;{}&#8221;][et_pb_text _builder_version=&#8221;4.27.6&#8243; _module_preset=&#8221;d4e46276-f435-402d-aefa-0790d8322284&#8243; text_font_size=&#8221;20px&#8221; text_font_size_tablet=&#8221;20px&#8221; text_font_size_phone=&#8221;16px&#8221; text_font_size_last_edited=&#8221;on|phone&#8221; global_colors_info=&#8221;{}&#8221;]<\/p>\n<p style=\"text-align: center;\">La nostra recerca t\u00e9 com a objectiu el desenvolupament de nous m\u00e8todes de s\u00edntesi estereoselectius basats en la reactivitat d\u2019enolats met\u00e0l\u00b7lics i la seva aplicaci\u00f3 a la s\u00edntesi de compostos biol\u00f2gicament actius.<\/p>\n<p style=\"text-align: center;\">En aquest context, el nostre treball s\u2019articula en els tres \u00e0mbits o l\u00ednies de recerca seg\u00fcents:<\/p>\n<p>[\/et_pb_text][\/et_pb_column][\/et_pb_row][et_pb_row _builder_version=&#8221;4.27.5&#8243; _module_preset=&#8221;default&#8221; width=&#8221;100%&#8221; max_width=&#8221;100%&#8221; global_colors_info=&#8221;{}&#8221;][et_pb_column type=&#8221;4_4&#8243; _builder_version=&#8221;4.27.5&#8243; _module_preset=&#8221;default&#8221; global_colors_info=&#8221;{}&#8221;][et_pb_image src=&#8221;https:\/\/ssnpgroup.com\/wp-content\/uploads\/2026\/02\/Asymmetric-head.jpg&#8221; title_text=&#8221;Asymmetric-head&#8221; url=&#8221;#asymmetric&#8221; align=&#8221;center&#8221; _builder_version=&#8221;4.27.5&#8243; _module_preset=&#8221;default&#8221; background_color=&#8221;#ebebeb&#8221; global_colors_info=&#8221;{}&#8221;][\/et_pb_image][\/et_pb_column][\/et_pb_row][et_pb_row _builder_version=&#8221;4.27.5&#8243; _module_preset=&#8221;default&#8221; width=&#8221;100%&#8221; max_width=&#8221;100%&#8221; global_colors_info=&#8221;{}&#8221;][et_pb_column type=&#8221;4_4&#8243; _builder_version=&#8221;4.27.5&#8243; _module_preset=&#8221;default&#8221; global_colors_info=&#8221;{}&#8221;][et_pb_image src=&#8221;https:\/\/ssnpgroup.com\/wp-content\/uploads\/2026\/02\/radical-chemistry-head.jpg&#8221; title_text=&#8221;radical-chemistry-head&#8221; url=&#8221;#radical&#8221; align=&#8221;center&#8221; _builder_version=&#8221;4.27.5&#8243; _module_preset=&#8221;default&#8221; global_colors_info=&#8221;{}&#8221;][\/et_pb_image][\/et_pb_column][\/et_pb_row][et_pb_row _builder_version=&#8221;4.27.5&#8243; _module_preset=&#8221;default&#8221; width=&#8221;100%&#8221; max_width=&#8221;100%&#8221; custom_padding=&#8221;||4px|||&#8221; global_colors_info=&#8221;{}&#8221;][et_pb_column type=&#8221;4_4&#8243; _builder_version=&#8221;4.27.5&#8243; _module_preset=&#8221;default&#8221; global_colors_info=&#8221;{}&#8221;][et_pb_image src=&#8221;https:\/\/ssnpgroup.com\/wp-content\/uploads\/2026\/02\/Synthesis-head.jpg&#8221; title_text=&#8221;Synthesis-head&#8221; url=&#8221;#synthesis&#8221; align=&#8221;center&#8221; _builder_version=&#8221;4.27.5&#8243; _module_preset=&#8221;default&#8221; background_color=&#8221;#ebebeb&#8221; global_colors_info=&#8221;{}&#8221;][\/et_pb_image][\/et_pb_column][\/et_pb_row][et_pb_row _builder_version=&#8221;4.27.5&#8243; _module_preset=&#8221;default&#8221; global_colors_info=&#8221;{}&#8221;][et_pb_column type=&#8221;4_4&#8243; _builder_version=&#8221;4.27.5&#8243; _module_preset=&#8221;default&#8221; global_colors_info=&#8221;{}&#8221;][et_pb_divider show_divider=&#8221;off&#8221; _builder_version=&#8221;4.27.5&#8243; _module_preset=&#8221;default&#8221; global_colors_info=&#8221;{}&#8221;][\/et_pb_divider][\/et_pb_column][\/et_pb_row][\/et_pb_section][et_pb_section fb_built=&#8221;1&#8243; admin_label=&#8221;Asymmetric Catalysis&#8221; module_id=&#8221;asymmetric&#8221; _builder_version=&#8221;4.27.6&#8243; _module_preset=&#8221;default&#8221; background_color=&#8221;#FFFFFF&#8221; background_image=&#8221;https:\/\/ssnpgroup.com\/wp-content\/uploads\/2025\/12\/bg-ssnp-scaled.png&#8221; custom_padding=&#8221;0px||||false|false&#8221; hover_enabled=&#8221;0&#8243; da_disable_devices=&#8221;off|off|off&#8221; collapsed=&#8221;off&#8221; global_colors_info=&#8221;{}&#8221; da_is_popup=&#8221;off&#8221; da_popup_slug=&#8221;asymmetric&#8221; da_exit_intent=&#8221;off&#8221; da_has_close=&#8221;on&#8221; da_alt_close=&#8221;off&#8221; da_dark_close=&#8221;off&#8221; da_not_modal=&#8221;on&#8221; da_is_singular=&#8221;off&#8221; da_with_loader=&#8221;off&#8221; da_has_shadow=&#8221;on&#8221; sticky_enabled=&#8221;0&#8243;][et_pb_row disabled_on=&#8221;off|off|off&#8221; admin_label=&#8221;Cat\u00e0lisi asim\u00e8trica m\u00f2bil&#8221; _builder_version=&#8221;4.27.6&#8243; _module_preset=&#8221;default&#8221; use_background_color_gradient=&#8221;on&#8221; background_color_gradient_direction=&#8221;136deg&#8221; background_color_gradient_stops=&#8221;#f38f18 0%|#fef3e7 100%&#8221; width=&#8221;100%&#8221; max_width=&#8221;100%&#8221; module_alignment=&#8221;center&#8221; min_height=&#8221;0px&#8221; custom_margin=&#8221;||||false|false&#8221; custom_padding=&#8221;0px||0px|||&#8221; locked=&#8221;off&#8221; collapsed=&#8221;on&#8221; global_colors_info=&#8221;{%22gcid-primary-color%22:%91%22background_color_gradient_stops%22%93,%22gcid-1f013b57-7ba5-44d4-b860-c06dfa7a0b2a%22:%91%22background_color_gradient_stops%22%93}&#8221;][et_pb_column type=&#8221;4_4&#8243; _builder_version=&#8221;4.27.4&#8243; _module_preset=&#8221;default&#8221; global_colors_info=&#8221;{}&#8221;][et_pb_heading title=&#8221;Cat\u00e0lisi Asim\u00e8trica&#8221; _builder_version=&#8221;4.27.6&#8243; _module_preset=&#8221;default&#8221; title_font=&#8221;|700|||||||&#8221; title_text_align=&#8221;center&#8221; background_color=&#8221;#FFFFFF&#8221; width=&#8221;40%&#8221; module_alignment=&#8221;center&#8221; min_height=&#8221;50px&#8221; height=&#8221;50px&#8221; custom_padding=&#8221;||||true|true&#8221; title_font_size_tablet=&#8221;24px&#8221; title_font_size_phone=&#8221;20px&#8221; title_font_size_last_edited=&#8221;on|tablet&#8221; global_colors_info=&#8221;{}&#8221;][\/et_pb_heading][\/et_pb_column][\/et_pb_row][et_pb_row _builder_version=&#8221;4.27.4&#8243; _module_preset=&#8221;default&#8221; max_width=&#8221;800px&#8221; locked=&#8221;off&#8221; global_colors_info=&#8221;{}&#8221;][et_pb_column type=&#8221;4_4&#8243; _builder_version=&#8221;4.27.4&#8243; _module_preset=&#8221;default&#8221; global_colors_info=&#8221;{}&#8221;][et_pb_text _builder_version=&#8221;4.27.6&#8243; _module_preset=&#8221;d4e46276-f435-402d-aefa-0790d8322284&#8243; text_font=&#8221;||||||||&#8221; text_font_size=&#8221;20px&#8221; text_orientation=&#8221;center&#8221; text_font_size_tablet=&#8221;20px&#8221; text_font_size_phone=&#8221;16px&#8221; text_font_size_last_edited=&#8221;on|phone&#8221; global_colors_info=&#8221;{}&#8221;]<\/p>\n<p>Estem interessats en el desenvolupament de noves reaccions asim\u00e8triques de formaci\u00f3 d\u2019enlla\u00e7os carboni\u2013carboni a partir de tioimides, incloent reaccions d\u2019alquilaci\u00f3, ald\u00f2liques, de Michael i de Mannich, aix\u00ed com cicloaddicions peric\u00edcliques, catalitzades per complexes quirals de n\u00edquel(II) o cobalt(II). Aquests catalitzadors es preparen f\u00e0cilment a partir de lligands assequibles i s\u00f3n f\u00e0cils de manipular. Estem particularment interessats en dissenyar estrat\u00e8gies estereodivergents que permetin l\u2019acc\u00e9s a tots els estereois\u00f2mers d\u2019un determinat compost.<\/p>\n<p>[\/et_pb_text][\/et_pb_column][\/et_pb_row][et_pb_row _builder_version=&#8221;4.27.5&#8243; _module_preset=&#8221;default&#8221; global_colors_info=&#8221;{}&#8221;][et_pb_column type=&#8221;4_4&#8243; _builder_version=&#8221;4.27.5&#8243; _module_preset=&#8221;default&#8221; global_colors_info=&#8221;{}&#8221;][et_pb_image src=&#8221;https:\/\/ssnpgroup.com\/wp-content\/uploads\/2026\/02\/Research-Asymmetric-Catalisys.jpg&#8221; alt=&#8221;Cat\u00e0lisi Asim\u00e8trica&#8221; title_text=&#8221;Recerca-Cat\u00e0lisi-Asim\u00e8trica&#8221; show_in_lightbox=&#8221;on&#8221; use_overlay=&#8221;on&#8221; overlay_icon_color=&#8221;gcid-dd0c4943-f377-4965-9207-692ed9fbe442&#8243; hover_overlay_color=&#8221;rgba(254,243,231,0.45)&#8221; hover_icon=&#8221;&#xe050;||divi||400&#8243; align=&#8221;center&#8221; _builder_version=&#8221;4.27.6&#8243; _module_preset=&#8221;default&#8221; width=&#8221;80%&#8221; border_width_all=&#8221;1px&#8221; border_color_all=&#8221;gcid-dd0c4943-f377-4965-9207-692ed9fbe442&#8243; box_shadow_style=&#8221;preset1&#8243; global_colors_info=&#8221;{%22gcid-dd0c4943-f377-4965-9207-692ed9fbe442%22:%91%22border_color_all%22,%22overlay_icon_color%22%93}&#8221;][\/et_pb_image][\/et_pb_column][\/et_pb_row][\/et_pb_section][et_pb_section fb_built=&#8221;1&#8243; admin_label=&#8221;Radical Chemistry&#8221; module_id=&#8221;radical&#8221; _builder_version=&#8221;4.27.5&#8243; _module_preset=&#8221;default&#8221; background_color=&#8221;#FFFFFF&#8221; background_image=&#8221;https:\/\/ssnpgroup.com\/wp-content\/uploads\/2025\/12\/bg-ssnp-scaled.png&#8221; custom_padding=&#8221;0px||||false|false&#8221; da_disable_devices=&#8221;off|off|off&#8221; collapsed=&#8221;off&#8221; global_colors_info=&#8221;{}&#8221; da_is_popup=&#8221;off&#8221; da_popup_slug=&#8221;radical&#8221; da_exit_intent=&#8221;off&#8221; da_has_close=&#8221;on&#8221; da_alt_close=&#8221;off&#8221; da_dark_close=&#8221;off&#8221; da_not_modal=&#8221;on&#8221; da_is_singular=&#8221;off&#8221; da_with_loader=&#8221;off&#8221; da_has_shadow=&#8221;on&#8221;][et_pb_row disabled_on=&#8221;off|off|off&#8221; admin_label=&#8221;Qu\u00edmica radical m\u00f2bil&#8221; _builder_version=&#8221;4.27.6&#8243; _module_preset=&#8221;default&#8221; use_background_color_gradient=&#8221;on&#8221; background_color_gradient_direction=&#8221;136deg&#8221; background_color_gradient_stops=&#8221;#f38f18 0%|#fef3e7 100%&#8221; width=&#8221;100%&#8221; max_width=&#8221;100%&#8221; module_alignment=&#8221;center&#8221; min_height=&#8221;0px&#8221; custom_margin=&#8221;||||false|false&#8221; custom_padding=&#8221;0px||0px|||&#8221; locked=&#8221;off&#8221; collapsed=&#8221;off&#8221; global_colors_info=&#8221;{%22gcid-primary-color%22:%91%22background_color_gradient_stops%22%93,%22gcid-1f013b57-7ba5-44d4-b860-c06dfa7a0b2a%22:%91%22background_color_gradient_stops%22%93}&#8221;][et_pb_column type=&#8221;4_4&#8243; _builder_version=&#8221;4.27.6&#8243; _module_preset=&#8221;default&#8221; global_colors_info=&#8221;{}&#8221;][et_pb_heading title=&#8221;Qu\u00edmica Radical\u00e0ria&#8221; _builder_version=&#8221;4.27.6&#8243; _module_preset=&#8221;default&#8221; title_font=&#8221;|700|||||||&#8221; title_text_align=&#8221;center&#8221; background_color=&#8221;#FFFFFF&#8221; width=&#8221;40%&#8221; module_alignment=&#8221;center&#8221; min_height=&#8221;50px&#8221; height=&#8221;50px&#8221; custom_padding=&#8221;||||true|true&#8221; title_font_size_tablet=&#8221;24px&#8221; title_font_size_phone=&#8221;20px&#8221; title_font_size_last_edited=&#8221;on|tablet&#8221; global_colors_info=&#8221;{}&#8221;][\/et_pb_heading][\/et_pb_column][\/et_pb_row][et_pb_row _builder_version=&#8221;4.27.4&#8243; _module_preset=&#8221;default&#8221; max_width=&#8221;800px&#8221; locked=&#8221;off&#8221; global_colors_info=&#8221;{}&#8221;][et_pb_column type=&#8221;4_4&#8243; _builder_version=&#8221;4.27.4&#8243; _module_preset=&#8221;default&#8221; global_colors_info=&#8221;{}&#8221;][et_pb_text _builder_version=&#8221;4.27.6&#8243; _module_preset=&#8221;d4e46276-f435-402d-aefa-0790d8322284&#8243; text_font=&#8221;||||||||&#8221; text_font_size=&#8221;20px&#8221; text_orientation=&#8221;center&#8221; text_font_size_tablet=&#8221;20px&#8221; text_font_size_phone=&#8221;16px&#8221; text_font_size_last_edited=&#8221;on|phone&#8221; global_colors_info=&#8221;{}&#8221;]<\/p>\n<p>El descobriment del car\u00e0cter biradicalari dels enolats de titani(IV) va obrir una nova l\u00ednia de recerca centrada en entendre aquesta inesperada tautomeria de val\u00e8ncia i en aprofitar la reactivitat de tipus radicalari que se\u2019n deriva.<\/p>\n<p>Actualment, el nostre objectiu \u00e9s traslladar aquest coneixement clau a noves transformacions catalitzades per complexos met\u00e0l\u00b7lics, amb l\u2019objectiu de desenvolupar aproximacions innovadores per a la construcci\u00f3 d\u2019enlla\u00e7os carboni\u2013oxigen i carboni\u2013carboni.<\/p>\n<p>[\/et_pb_text][\/et_pb_column][\/et_pb_row][et_pb_row _builder_version=&#8221;4.27.5&#8243; _module_preset=&#8221;default&#8221; global_colors_info=&#8221;{}&#8221;][et_pb_column type=&#8221;4_4&#8243; _builder_version=&#8221;4.27.5&#8243; _module_preset=&#8221;default&#8221; global_colors_info=&#8221;{}&#8221;][et_pb_image src=&#8221;https:\/\/ssnpgroup.com\/wp-content\/uploads\/2026\/02\/Research_Radical_Chemistry.jpg&#8221; alt=&#8221;Qu\u00edmica Radical\u00e0ria&#8221; title_text=&#8221;Recerca_Qu\u00edmica_Radical&#8221; show_in_lightbox=&#8221;on&#8221; use_overlay=&#8221;on&#8221; overlay_icon_color=&#8221;gcid-dd0c4943-f377-4965-9207-692ed9fbe442&#8243; hover_overlay_color=&#8221;RGBA(254,243,231,0.45)&#8221; hover_icon=&#8221;&#xe050;||divi||400&#8243; align=&#8221;center&#8221; _builder_version=&#8221;4.27.6&#8243; _module_preset=&#8221;default&#8221; width=&#8221;80%&#8221; border_width_all=&#8221;1px&#8221; border_color_all=&#8221;gcid-dd0c4943-f377-4965-9207-692ed9fbe442&#8243; box_shadow_style=&#8221;preset1&#8243; global_colors_info=&#8221;{%22gcid-dd0c4943-f377-4965-9207-692ed9fbe442%22:%91%22border_color_all%22,%22overlay_icon_color%22%93}&#8221;][\/et_pb_image][\/et_pb_column][\/et_pb_row][\/et_pb_section][et_pb_section fb_built=&#8221;1&#8243; admin_label=&#8221;Synthesis&#8221; module_id=&#8221;synthesis&#8221; _builder_version=&#8221;4.27.6&#8243; _module_preset=&#8221;default&#8221; background_color=&#8221;#FFFFFF&#8221; background_image=&#8221;https:\/\/ssnpgroup.com\/wp-content\/uploads\/2025\/12\/bg-ssnp-scaled.png&#8221; custom_padding=&#8221;0px||||false|false&#8221; hover_enabled=&#8221;0&#8243; da_disable_devices=&#8221;off|off|off&#8221; collapsed=&#8221;off&#8221; global_colors_info=&#8221;{}&#8221; da_is_popup=&#8221;off&#8221; da_popup_slug=&#8221;synthesis&#8221; da_exit_intent=&#8221;off&#8221; da_has_close=&#8221;on&#8221; da_alt_close=&#8221;off&#8221; da_dark_close=&#8221;off&#8221; da_not_modal=&#8221;on&#8221; da_is_singular=&#8221;off&#8221; da_with_loader=&#8221;off&#8221; da_has_shadow=&#8221;on&#8221; sticky_enabled=&#8221;0&#8243;][et_pb_row disabled_on=&#8221;off|off|off&#8221; admin_label=&#8221;S\u00edntesi m\u00f2bil&#8221; _builder_version=&#8221;4.27.6&#8243; _module_preset=&#8221;default&#8221; use_background_color_gradient=&#8221;on&#8221; background_color_gradient_direction=&#8221;136deg&#8221; background_color_gradient_stops=&#8221;#f38f18 0%|#fef3e7 100%&#8221; width=&#8221;100%&#8221; max_width=&#8221;100%&#8221; module_alignment=&#8221;center&#8221; min_height=&#8221;0px&#8221; custom_margin=&#8221;||||false|false&#8221; custom_padding=&#8221;0px||0px|||&#8221; locked=&#8221;off&#8221; collapsed=&#8221;off&#8221; global_colors_info=&#8221;{%22gcid-primary-color%22:%91%22background_color_gradient_stops%22%93,%22gcid-1f013b57-7ba5-44d4-b860-c06dfa7a0b2a%22:%91%22background_color_gradient_stops%22%93}&#8221;][et_pb_column type=&#8221;4_4&#8243; _builder_version=&#8221;4.27.4&#8243; _module_preset=&#8221;default&#8221; global_colors_info=&#8221;{}&#8221;][et_pb_heading title=&#8221;S\u00edntesi&#8221; _builder_version=&#8221;4.27.6&#8243; _module_preset=&#8221;default&#8221; title_font=&#8221;|700|||||||&#8221; title_text_align=&#8221;center&#8221; background_color=&#8221;#FFFFFF&#8221; width=&#8221;30%&#8221; module_alignment=&#8221;center&#8221; min_height=&#8221;50px&#8221; height=&#8221;50px&#8221; custom_margin=&#8221;||||false|false&#8221; custom_padding=&#8221;5px||5px||true|true&#8221; custom_padding_tablet=&#8221;5px||5px||true|true&#8221; custom_padding_phone=&#8221;10px||10px||true|true&#8221; custom_padding_last_edited=&#8221;on|phone&#8221; title_font_size_tablet=&#8221;24px&#8221; title_font_size_phone=&#8221;20px&#8221; title_font_size_last_edited=&#8221;on|tablet&#8221; global_colors_info=&#8221;{}&#8221;][\/et_pb_heading][\/et_pb_column][\/et_pb_row][et_pb_row _builder_version=&#8221;4.27.4&#8243; _module_preset=&#8221;default&#8221; max_width=&#8221;800px&#8221; locked=&#8221;off&#8221; global_colors_info=&#8221;{}&#8221;][et_pb_column type=&#8221;4_4&#8243; _builder_version=&#8221;4.27.4&#8243; _module_preset=&#8221;default&#8221; global_colors_info=&#8221;{}&#8221;][et_pb_text _builder_version=&#8221;4.27.6&#8243; _module_preset=&#8221;d4e46276-f435-402d-aefa-0790d8322284&#8243; text_font=&#8221;||||||||&#8221; text_font_size=&#8221;20px&#8221; text_orientation=&#8221;center&#8221; text_font_size_tablet=&#8221;20px&#8221; text_font_size_phone=&#8221;16px&#8221; text_font_size_last_edited=&#8221;on|phone&#8221; global_colors_info=&#8221;{}&#8221;]<\/p>\n<p>Les metodologies desenvolupades en el nostre grup s\u2019apliquen a la s\u00edntesi de compostos biol\u00f2gicament actius, fet que permet avaluar la seva idone\u00eftat i, al mateix temps, inspira el desenvolupament de noves transformacions asim\u00e8triques m\u00e9s senzilles i eficients.<\/p>\n<p>[\/et_pb_text][\/et_pb_column][\/et_pb_row][et_pb_row _builder_version=&#8221;4.27.5&#8243; _module_preset=&#8221;default&#8221; global_colors_info=&#8221;{}&#8221;][et_pb_column type=&#8221;4_4&#8243; _builder_version=&#8221;4.27.5&#8243; _module_preset=&#8221;default&#8221; global_colors_info=&#8221;{}&#8221;][et_pb_image src=&#8221;https:\/\/ssnpgroup.com\/wp-content\/uploads\/2026\/02\/Research_Synthesis-new.jpg&#8221; alt=&#8221;S\u00edntesi de Compostos Biol\u00f2gicament Actius&#8221; title_text=&#8221;Recerca_S\u00edntesi-nova&#8221; show_in_lightbox=&#8221;on&#8221; use_overlay=&#8221;on&#8221; overlay_icon_color=&#8221;gcid-dd0c4943-f377-4965-9207-692ed9fbe442&#8243; hover_overlay_color=&#8221;RGBA(254,243,231,0.45)&#8221; hover_icon=&#8221;&#xe050;||divi||400&#8243; align=&#8221;center&#8221; _builder_version=&#8221;4.27.6&#8243; _module_preset=&#8221;default&#8221; width=&#8221;80%&#8221; border_width_all=&#8221;1px&#8221; border_color_all=&#8221;gcid-dd0c4943-f377-4965-9207-692ed9fbe442&#8243; box_shadow_style=&#8221;preset1&#8243; global_colors_info=&#8221;{%22gcid-dd0c4943-f377-4965-9207-692ed9fbe442%22:%91%22border_color_all%22,%22overlay_icon_color%22%93}&#8221;][\/et_pb_image][\/et_pb_column][\/et_pb_row][\/et_pb_section][et_pb_section fb_built=&#8221;1&#8243; admin_label=&#8221;Call to Action&#8221; _builder_version=&#8221;4.27.5&#8243; _module_preset=&#8221;default&#8221; background_color=&#8221;gcid-1f013b57-7ba5-44d4-b860-c06dfa7a0b2a&#8221; min_height=&#8221;351.2px&#8221; da_disable_devices=&#8221;off|off|off&#8221; locked=&#8221;off&#8221; collapsed=&#8221;on&#8221; global_colors_info=&#8221;{%22gcid-1f013b57-7ba5-44d4-b860-c06dfa7a0b2a%22:%91%22background_color%22%93}&#8221; da_is_popup=&#8221;off&#8221; da_exit_intent=&#8221;off&#8221; da_has_close=&#8221;on&#8221; da_alt_close=&#8221;off&#8221; da_dark_close=&#8221;off&#8221; da_not_modal=&#8221;on&#8221; da_is_singular=&#8221;off&#8221; da_with_loader=&#8221;off&#8221; da_has_shadow=&#8221;on&#8221;][et_pb_row _builder_version=&#8221;4.27.4&#8243; _module_preset=&#8221;default&#8221; global_colors_info=&#8221;{}&#8221;][et_pb_column type=&#8221;4_4&#8243; _builder_version=&#8221;4.27.4&#8243; _module_preset=&#8221;default&#8221; global_colors_info=&#8221;{}&#8221;][et_pb_cta title=&#8221;Si est\u00e0s interessat\/da en formar part del nostre grup de recerca&#8221; button_url=&#8221;mailto:info@ssnpgroup.com&#8221; url_new_window=&#8221;on&#8221; button_text=&#8221;Si us plau, envieu el vostre CV i una carta de motivaci\u00f3 fent clic aqu\u00ed&#8221; _builder_version=&#8221;4.27.6&#8243; _module_preset=&#8221;a143bc8b-1743-4814-9a36-a009d21a892f&#8221; button_on_hover=&#8221;on&#8221; global_colors_info=&#8221;{%22gcid-primary-color%22:%91%22button_bg_color%22%93}&#8221;]<\/p>\n<p class=\"ekit-popup-modal__title ekit-popup__title\">Per a investigadors postdoctorals, estudiants de doctorat i estudiants de M\u00e0ster.<\/p>\n<p>[\/et_pb_cta][\/et_pb_column][\/et_pb_row][\/et_pb_section]<\/p>\n","protected":false},"excerpt":{"rendered":"<p>La nostra recerca t\u00e9 com a objectiu el desenvolupament de nous m\u00e8todes de s\u00edntesi estereoselectius basats en la reactivitat d\u2019enolats met\u00e0l\u00b7lics i la seva aplicaci\u00f3 a la s\u00edntesi de compostos biol\u00f2gicament actius. En aquest context, el nostre treball s\u2019articula en els tres \u00e0mbits o l\u00ednies de recerca seg\u00fcents:Estem interessats en el desenvolupament de noves reaccions [&hellip;]<\/p>\n","protected":false},"author":1,"featured_media":0,"parent":0,"menu_order":0,"comment_status":"closed","ping_status":"closed","template":"","meta":{"_et_pb_use_builder":"on","_et_pb_old_content":"","_et_gb_content_width":"","footnotes":""},"class_list":["post-1390","page","type-page","status-publish","hentry"],"aioseo_notices":[],"_links":{"self":[{"href":"https:\/\/ssnpgroup.com\/ca\/wp-json\/wp\/v2\/pages\/1390","targetHints":{"allow":["GET"]}}],"collection":[{"href":"https:\/\/ssnpgroup.com\/ca\/wp-json\/wp\/v2\/pages"}],"about":[{"href":"https:\/\/ssnpgroup.com\/ca\/wp-json\/wp\/v2\/types\/page"}],"author":[{"embeddable":true,"href":"https:\/\/ssnpgroup.com\/ca\/wp-json\/wp\/v2\/users\/1"}],"replies":[{"embeddable":true,"href":"https:\/\/ssnpgroup.com\/ca\/wp-json\/wp\/v2\/comments?post=1390"}],"version-history":[{"count":13,"href":"https:\/\/ssnpgroup.com\/ca\/wp-json\/wp\/v2\/pages\/1390\/revisions"}],"predecessor-version":[{"id":1590,"href":"https:\/\/ssnpgroup.com\/ca\/wp-json\/wp\/v2\/pages\/1390\/revisions\/1590"}],"wp:attachment":[{"href":"https:\/\/ssnpgroup.com\/ca\/wp-json\/wp\/v2\/media?parent=1390"}],"curies":[{"name":"wp","href":"https:\/\/api.w.org\/{rel}","templated":true}]}}