{"id":1728,"date":"2025-12-12T13:42:09","date_gmt":"2025-12-12T12:42:09","guid":{"rendered":"https:\/\/ssnpgroup.com\/investigacion\/"},"modified":"2026-04-20T09:50:00","modified_gmt":"2026-04-20T07:50:00","slug":"investigacion","status":"publish","type":"page","link":"https:\/\/ssnpgroup.com\/es\/investigacion\/","title":{"rendered":"Investigaci\u00f3n"},"content":{"rendered":"<p>[et_pb_section fb_built=\u00bb1&#8243; fullwidth=\u00bbon\u00bb _builder_version=\u00bb4.27.5&#8243; _module_preset=\u00bbdefault\u00bb da_disable_devices=\u00bboff|off|off\u00bb global_colors_info=\u00bb{}\u00bb da_is_popup=\u00bboff\u00bb da_exit_intent=\u00bboff\u00bb da_has_close=\u00bbon\u00bb da_alt_close=\u00bboff\u00bb da_dark_close=\u00bboff\u00bb da_not_modal=\u00bbon\u00bb da_is_singular=\u00bboff\u00bb da_with_loader=\u00bboff\u00bb da_has_shadow=\u00bbon\u00bb][et_pb_fullwidth_header title=\u00bbINVESTIGACI\u00d3N\u00bb text_orientation=\u00bbcenter\u00bb admin_label=\u00bbRESEARCH\u00bb _builder_version=\u00bb4.27.5&#8243; _module_preset=\u00bbdefault\u00bb title_font=\u00bb|700|||||||\u00bb background_image=\u00bbhttps:\/\/ssnpgroup.com\/wp-content\/uploads\/2026\/02\/research-header.jpg\u00bb custom_padding=\u00bb8vw||8vw||true|false\u00bb global_colors_info=\u00bb{}\u00bb][\/et_pb_fullwidth_header][\/et_pb_section][et_pb_section fb_built=\u00bb1&#8243; admin_label=\u00bbResearch areas\u00bb _builder_version=\u00bb4.27.5&#8243; _module_preset=\u00bbdefault\u00bb background_color=\u00bb#FFFFFF\u00bb custom_padding=\u00bb||0px|||\u00bb da_disable_devices=\u00bboff|off|off\u00bb collapsed=\u00bbon\u00bb global_colors_info=\u00bb{}\u00bb da_is_popup=\u00bboff\u00bb da_exit_intent=\u00bboff\u00bb da_has_close=\u00bbon\u00bb da_alt_close=\u00bboff\u00bb da_dark_close=\u00bboff\u00bb da_not_modal=\u00bbon\u00bb da_is_singular=\u00bboff\u00bb da_with_loader=\u00bboff\u00bb da_has_shadow=\u00bbon\u00bb][et_pb_row _builder_version=\u00bb4.27.5&#8243; _module_preset=\u00bbdefault\u00bb global_colors_info=\u00bb{}\u00bb][et_pb_column type=\u00bb4_4&#8243; _builder_version=\u00bb4.27.5&#8243; _module_preset=\u00bbdefault\u00bb custom_padding=\u00bb||||false|false\u00bb custom_padding_tablet=\u00bb0%||||false|false\u00bb custom_padding_phone=\u00bb0%||||false|false\u00bb custom_padding_last_edited=\u00bbon|desktop\u00bb global_colors_info=\u00bb{}\u00bb][et_pb_text _builder_version=\u00bb4.27.6&#8243; _module_preset=\u00bbd4e46276-f435-402d-aefa-0790d8322284&#8243; text_font_size=\u00bb20px\u00bb text_font_size_tablet=\u00bb20px\u00bb text_font_size_phone=\u00bb16px\u00bb text_font_size_last_edited=\u00bbon|phone\u00bb global_colors_info=\u00bb{}\u00bb]<\/p>\n<p style=\"text-align: center;\">Nuestra investigaci\u00f3n pretende desarrollar nuevos m\u00e9todos de s\u00edntesis estereoselectiva basados en la reactividad de enolatos met\u00e1licos, con el objetivo de aplicarlos a la s\u00edntesis de compuestos biol\u00f3gicamente activos.<\/p>\n<p style=\"text-align: center;\">En particular, se centra en los siguientes tres campos o \u00e1reas de trabajo:<\/p>\n<p>[\/et_pb_text][\/et_pb_column][\/et_pb_row][et_pb_row _builder_version=\u00bb4.27.5&#8243; _module_preset=\u00bbdefault\u00bb width=\u00bb100%\u00bb max_width=\u00bb100%\u00bb global_colors_info=\u00bb{}\u00bb][et_pb_column type=\u00bb4_4&#8243; _builder_version=\u00bb4.27.5&#8243; _module_preset=\u00bbdefault\u00bb global_colors_info=\u00bb{}\u00bb][et_pb_image src=\u00bbhttps:\/\/ssnpgroup.com\/wp-content\/uploads\/2026\/02\/Asymmetric-head.jpg\u00bb title_text=\u00bbAsymmetric-head\u00bb url=\u00bb#asymmetric\u00bb align=\u00bbcenter\u00bb _builder_version=\u00bb4.27.5&#8243; _module_preset=\u00bbdefault\u00bb background_color=\u00bb#ebebeb\u00bb global_colors_info=\u00bb{}\u00bb][\/et_pb_image][\/et_pb_column][\/et_pb_row][et_pb_row _builder_version=\u00bb4.27.5&#8243; _module_preset=\u00bbdefault\u00bb width=\u00bb100%\u00bb max_width=\u00bb100%\u00bb global_colors_info=\u00bb{}\u00bb][et_pb_column type=\u00bb4_4&#8243; _builder_version=\u00bb4.27.5&#8243; _module_preset=\u00bbdefault\u00bb global_colors_info=\u00bb{}\u00bb][et_pb_image src=\u00bbhttps:\/\/ssnpgroup.com\/wp-content\/uploads\/2026\/02\/radical-chemistry-head.jpg\u00bb title_text=\u00bbradical-chemistry-head\u00bb url=\u00bb#radical\u00bb align=\u00bbcenter\u00bb _builder_version=\u00bb4.27.5&#8243; _module_preset=\u00bbdefault\u00bb global_colors_info=\u00bb{}\u00bb][\/et_pb_image][\/et_pb_column][\/et_pb_row][et_pb_row _builder_version=\u00bb4.27.5&#8243; _module_preset=\u00bbdefault\u00bb width=\u00bb100%\u00bb max_width=\u00bb100%\u00bb custom_padding=\u00bb||4px|||\u00bb global_colors_info=\u00bb{}\u00bb][et_pb_column type=\u00bb4_4&#8243; _builder_version=\u00bb4.27.5&#8243; _module_preset=\u00bbdefault\u00bb global_colors_info=\u00bb{}\u00bb][et_pb_image src=\u00bbhttps:\/\/ssnpgroup.com\/wp-content\/uploads\/2026\/02\/Synthesis-head.jpg\u00bb title_text=\u00bbSynthesis-head\u00bb url=\u00bb#synthesis\u00bb align=\u00bbcenter\u00bb _builder_version=\u00bb4.27.5&#8243; _module_preset=\u00bbdefault\u00bb background_color=\u00bb#ebebeb\u00bb global_colors_info=\u00bb{}\u00bb][\/et_pb_image][\/et_pb_column][\/et_pb_row][et_pb_row _builder_version=\u00bb4.27.5&#8243; _module_preset=\u00bbdefault\u00bb global_colors_info=\u00bb{}\u00bb][et_pb_column type=\u00bb4_4&#8243; _builder_version=\u00bb4.27.5&#8243; _module_preset=\u00bbdefault\u00bb global_colors_info=\u00bb{}\u00bb][et_pb_divider show_divider=\u00bboff\u00bb _builder_version=\u00bb4.27.5&#8243; _module_preset=\u00bbdefault\u00bb global_colors_info=\u00bb{}\u00bb][\/et_pb_divider][\/et_pb_column][\/et_pb_row][\/et_pb_section][et_pb_section fb_built=\u00bb1&#8243; admin_label=\u00bbAsymmetric Catalysis\u00bb module_id=\u00bbasymmetric\u00bb _builder_version=\u00bb4.27.6&#8243; _module_preset=\u00bbdefault\u00bb background_color=\u00bb#FFFFFF\u00bb background_image=\u00bbhttps:\/\/ssnpgroup.com\/wp-content\/uploads\/2025\/12\/bg-ssnp-scaled.png\u00bb custom_padding=\u00bb0px||||false|false\u00bb da_disable_devices=\u00bboff|off|off\u00bb collapsed=\u00bboff\u00bb global_colors_info=\u00bb{}\u00bb da_is_popup=\u00bboff\u00bb da_exit_intent=\u00bboff\u00bb da_has_close=\u00bbon\u00bb da_alt_close=\u00bboff\u00bb da_dark_close=\u00bboff\u00bb da_not_modal=\u00bbon\u00bb da_is_singular=\u00bboff\u00bb da_with_loader=\u00bboff\u00bb da_has_shadow=\u00bbon\u00bb][et_pb_row disabled_on=\u00bboff|off|off\u00bb admin_label=\u00bbMobile asymmetric catalysis\u00bb _builder_version=\u00bb4.27.6&#8243; _module_preset=\u00bbdefault\u00bb use_background_color_gradient=\u00bbon\u00bb background_color_gradient_direction=\u00bb136deg\u00bb background_color_gradient_stops=\u00bb#f38f18 0%|#fef3e7 100%\u00bb width=\u00bb100%\u00bb max_width=\u00bb100%\u00bb module_alignment=\u00bbcenter\u00bb min_height=\u00bb0px\u00bb custom_margin=\u00bb||||false|false\u00bb custom_padding=\u00bb0px||0px|||\u00bb locked=\u00bboff\u00bb collapsed=\u00bbon\u00bb global_colors_info=\u00bb{%22gcid-primary-color%22:%91%22background_color_gradient_stops%22%93,%22gcid-1f013b57-7ba5-44d4-b860-c06dfa7a0b2a%22:%91%22background_color_gradient_stops%22%93}\u00bb][et_pb_column type=\u00bb4_4&#8243; _builder_version=\u00bb4.27.4&#8243; _module_preset=\u00bbdefault\u00bb global_colors_info=\u00bb{}\u00bb][et_pb_heading title=\u00bbCat\u00e1lisis asim\u00e9trica\u00bb _builder_version=\u00bb4.27.6&#8243; _module_preset=\u00bbdefault\u00bb title_font=\u00bb|700|||||||\u00bb title_text_align=\u00bbcenter\u00bb background_color=\u00bb#FFFFFF\u00bb width=\u00bb40%\u00bb module_alignment=\u00bbcenter\u00bb min_height=\u00bb50px\u00bb height=\u00bb50px\u00bb custom_padding=\u00bb||||true|true\u00bb hover_enabled=\u00bb0&#8243; title_font_size_tablet=\u00bb24px\u00bb title_font_size_phone=\u00bb20px\u00bb title_font_size_last_edited=\u00bbon|tablet\u00bb global_colors_info=\u00bb{}\u00bb sticky_enabled=\u00bb0&#8243;][\/et_pb_heading][\/et_pb_column][\/et_pb_row][et_pb_row _builder_version=\u00bb4.27.4&#8243; _module_preset=\u00bbdefault\u00bb max_width=\u00bb800px\u00bb locked=\u00bboff\u00bb global_colors_info=\u00bb{}\u00bb][et_pb_column type=\u00bb4_4&#8243; _builder_version=\u00bb4.27.4&#8243; _module_preset=\u00bbdefault\u00bb global_colors_info=\u00bb{}\u00bb][et_pb_text _builder_version=\u00bb4.27.6&#8243; _module_preset=\u00bbd4e46276-f435-402d-aefa-0790d8322284&#8243; text_font=\u00bb||||||||\u00bb text_font_size=\u00bb20px\u00bb text_orientation=\u00bbcenter\u00bb text_font_size_tablet=\u00bb20px\u00bb text_font_size_phone=\u00bb16px\u00bb text_font_size_last_edited=\u00bbon|phone\u00bb global_colors_info=\u00bb{}\u00bb]<\/p>\n<p>Estamos interesados en el desarrollo de nuevas reacciones asim\u00e9tricas de formaci\u00f3n de enlaces carbono\u2013carbono a partir de tioimidas que incluyen reacciones de alquilaci\u00f3n, aldol, Michael y Mannich, as\u00ed como cicloadiciones peric\u00edclicas, catalizadas por complejos quirales de n\u00edquel(II) o cobalto(II). Estos catalizadores, f\u00e1ciles de manipular, pueden prepararse f\u00e1cilmente a partir de ligandos asequibles.<br \/>Desde una visi\u00f3n m\u00e1s amplia, estamos particularmente interesados en dise\u00f1ar estrategias estereodivergentes que den acceso a todos los posibles estereois\u00f3meros de un compuesto determinado.<\/p>\n<p>[\/et_pb_text][\/et_pb_column][\/et_pb_row][et_pb_row _builder_version=\u00bb4.27.5&#8243; _module_preset=\u00bbdefault\u00bb global_colors_info=\u00bb{}\u00bb][et_pb_column type=\u00bb4_4&#8243; _builder_version=\u00bb4.27.5&#8243; _module_preset=\u00bbdefault\u00bb global_colors_info=\u00bb{}\u00bb][et_pb_image src=\u00bbhttps:\/\/ssnpgroup.com\/wp-content\/uploads\/2026\/02\/Research-Asymmetric-Catalisys.jpg\u00bb alt=\u00bbCat\u00e1lisis asim\u00e9trica\u00bb title_text=\u00bbResearch-Asymmetric-Catalysis\u00bb show_in_lightbox=\u00bbon\u00bb use_overlay=\u00bbon\u00bb overlay_icon_color=\u00bbgcid-dd0c4943-f377-4965-9207-692ed9fbe442&#8243; hover_overlay_color=\u00bbrgba(254,243,231,0.45)\u00bb hover_icon=\u00bb&#xe050;||divi||400&#8243; align=\u00bbcenter\u00bb _builder_version=\u00bb4.27.6&#8243; _module_preset=\u00bbdefault\u00bb width=\u00bb80%\u00bb border_width_all=\u00bb1px\u00bb border_color_all=\u00bbgcid-dd0c4943-f377-4965-9207-692ed9fbe442&#8243; box_shadow_style=\u00bbpreset1&#8243; global_colors_info=\u00bb{%22gcid-dd0c4943-f377-4965-9207-692ed9fbe442%22:%91%22border_color_all%22,%22overlay_icon_color%22%93}\u00bb][\/et_pb_image][\/et_pb_column][\/et_pb_row][\/et_pb_section][et_pb_section fb_built=\u00bb1&#8243; admin_label=\u00bbRadical Chemistry\u00bb module_id=\u00bbradical\u00bb _builder_version=\u00bb4.27.5&#8243; _module_preset=\u00bbdefault\u00bb background_color=\u00bb#FFFFFF\u00bb background_image=\u00bbhttps:\/\/ssnpgroup.com\/wp-content\/uploads\/2025\/12\/bg-ssnp-scaled.png\u00bb custom_padding=\u00bb0px||||false|false\u00bb da_disable_devices=\u00bboff|off|off\u00bb collapsed=\u00bboff\u00bb global_colors_info=\u00bb{}\u00bb da_is_popup=\u00bboff\u00bb da_exit_intent=\u00bboff\u00bb da_has_close=\u00bbon\u00bb da_alt_close=\u00bboff\u00bb da_dark_close=\u00bboff\u00bb da_not_modal=\u00bbon\u00bb da_is_singular=\u00bboff\u00bb da_with_loader=\u00bboff\u00bb da_has_shadow=\u00bbon\u00bb][et_pb_row disabled_on=\u00bboff|off|off\u00bb admin_label=\u00bbMobile redical chemistry\u00bb _builder_version=\u00bb4.27.6&#8243; _module_preset=\u00bbdefault\u00bb use_background_color_gradient=\u00bbon\u00bb background_color_gradient_direction=\u00bb136deg\u00bb background_color_gradient_stops=\u00bb#f38f18 0%|#fef3e7 100%\u00bb width=\u00bb100%\u00bb max_width=\u00bb100%\u00bb module_alignment=\u00bbcenter\u00bb min_height=\u00bb0px\u00bb custom_margin=\u00bb||||false|false\u00bb custom_padding=\u00bb0px||0px|||\u00bb locked=\u00bboff\u00bb collapsed=\u00bboff\u00bb global_colors_info=\u00bb{%22gcid-primary-color%22:%91%22background_color_gradient_stops%22%93,%22gcid-1f013b57-7ba5-44d4-b860-c06dfa7a0b2a%22:%91%22background_color_gradient_stops%22%93}\u00bb][et_pb_column type=\u00bb4_4&#8243; _builder_version=\u00bb4.27.6&#8243; _module_preset=\u00bbdefault\u00bb global_colors_info=\u00bb{}\u00bb][et_pb_heading title=\u00bbQu\u00edmica Radicalaria\u00bb _builder_version=\u00bb4.27.6&#8243; _module_preset=\u00bbdefault\u00bb title_font=\u00bb|700|||||||\u00bb title_text_align=\u00bbcenter\u00bb background_color=\u00bb#FFFFFF\u00bb width=\u00bb40%\u00bb module_alignment=\u00bbcenter\u00bb min_height=\u00bb50px\u00bb height=\u00bb50px\u00bb custom_padding=\u00bb||||true|true\u00bb title_font_size_tablet=\u00bb24px\u00bb title_font_size_phone=\u00bb20px\u00bb title_font_size_last_edited=\u00bbon|tablet\u00bb global_colors_info=\u00bb{}\u00bb][\/et_pb_heading][\/et_pb_column][\/et_pb_row][et_pb_row _builder_version=\u00bb4.27.4&#8243; _module_preset=\u00bbdefault\u00bb max_width=\u00bb800px\u00bb locked=\u00bboff\u00bb global_colors_info=\u00bb{}\u00bb][et_pb_column type=\u00bb4_4&#8243; _builder_version=\u00bb4.27.4&#8243; _module_preset=\u00bbdefault\u00bb global_colors_info=\u00bb{}\u00bb][et_pb_text _builder_version=\u00bb4.27.6&#8243; _module_preset=\u00bbd4e46276-f435-402d-aefa-0790d8322284&#8243; text_font=\u00bb||||||||\u00bb text_font_size=\u00bb20px\u00bb text_orientation=\u00bbcenter\u00bb text_font_size_tablet=\u00bb20px\u00bb text_font_size_phone=\u00bb16px\u00bb text_font_size_last_edited=\u00bbon|phone\u00bb global_colors_info=\u00bb{}\u00bb]<\/p>\n<p>El descubrimiento del car\u00e1cter birradicalario de los enolatos de titanio(IV) abri\u00f3 una nueva \u00e1rea de investigaci\u00f3n centrada en la comprensi\u00f3n de esta tautomer\u00eda de valencia y el aprovechamiento de la reactividad de tipo radicalario que de ella se deriva.<\/p>\n<p>Actualmente, nuestro objetivo es traducir este hallazgo clave en nuevas transformaciones catalizadas por complejos met\u00e1licos, estableciendo as\u00ed nuevos enfoques para la construcci\u00f3n de enlaces carbono\u2013ox\u00edgeno y carbono\u2013carbono.<\/p>\n<p>[\/et_pb_text][\/et_pb_column][\/et_pb_row][et_pb_row _builder_version=\u00bb4.27.5&#8243; _module_preset=\u00bbdefault\u00bb global_colors_info=\u00bb{}\u00bb][et_pb_column type=\u00bb4_4&#8243; _builder_version=\u00bb4.27.5&#8243; _module_preset=\u00bbdefault\u00bb global_colors_info=\u00bb{}\u00bb][et_pb_image src=\u00bbhttps:\/\/ssnpgroup.com\/wp-content\/uploads\/2026\/02\/Research_Radical_Chemistry.jpg\u00bb alt=\u00bbQu\u00edmica Radicalaria\u00bb title_text=\u00bbResearch_Radical_Chemistry\u00bb show_in_lightbox=\u00bbon\u00bb use_overlay=\u00bbon\u00bb overlay_icon_color=\u00bbgcid-dd0c4943-f377-4965-9207-692ed9fbe442&#8243; hover_overlay_color=\u00bbRGBA(254,243,231,0.45)\u00bb hover_icon=\u00bb&#xe050;||divi||400&#8243; align=\u00bbcenter\u00bb _builder_version=\u00bb4.27.6&#8243; _module_preset=\u00bbdefault\u00bb width=\u00bb80%\u00bb border_width_all=\u00bb1px\u00bb border_color_all=\u00bbgcid-dd0c4943-f377-4965-9207-692ed9fbe442&#8243; box_shadow_style=\u00bbpreset1&#8243; global_colors_info=\u00bb{%22gcid-dd0c4943-f377-4965-9207-692ed9fbe442%22:%91%22border_color_all%22,%22overlay_icon_color%22%93}\u00bb][\/et_pb_image][\/et_pb_column][\/et_pb_row][\/et_pb_section][et_pb_section fb_built=\u00bb1&#8243; admin_label=\u00bbSynthesis\u00bb module_id=\u00bbsynthesis\u00bb _builder_version=\u00bb4.27.5&#8243; _module_preset=\u00bbdefault\u00bb background_color=\u00bb#FFFFFF\u00bb background_image=\u00bbhttps:\/\/ssnpgroup.com\/wp-content\/uploads\/2025\/12\/bg-ssnp-scaled.png\u00bb custom_padding=\u00bb0px||||false|false\u00bb da_disable_devices=\u00bboff|off|off\u00bb collapsed=\u00bboff\u00bb global_colors_info=\u00bb{}\u00bb da_is_popup=\u00bboff\u00bb da_exit_intent=\u00bboff\u00bb da_has_close=\u00bbon\u00bb da_alt_close=\u00bboff\u00bb da_dark_close=\u00bboff\u00bb da_not_modal=\u00bbon\u00bb da_is_singular=\u00bboff\u00bb da_with_loader=\u00bboff\u00bb da_has_shadow=\u00bbon\u00bb][et_pb_row disabled_on=\u00bboff|off|off\u00bb admin_label=\u00bbMobile synthesis\u00bb _builder_version=\u00bb4.27.6&#8243; _module_preset=\u00bbdefault\u00bb use_background_color_gradient=\u00bbon\u00bb background_color_gradient_direction=\u00bb136deg\u00bb background_color_gradient_stops=\u00bb#f38f18 0%|#fef3e7 100%\u00bb width=\u00bb100%\u00bb max_width=\u00bb100%\u00bb module_alignment=\u00bbcenter\u00bb min_height=\u00bb0px\u00bb custom_margin=\u00bb||||false|false\u00bb custom_padding=\u00bb0px||0px|||\u00bb locked=\u00bboff\u00bb collapsed=\u00bboff\u00bb global_colors_info=\u00bb{%22gcid-primary-color%22:%91%22background_color_gradient_stops%22%93,%22gcid-1f013b57-7ba5-44d4-b860-c06dfa7a0b2a%22:%91%22background_color_gradient_stops%22%93}\u00bb][et_pb_column type=\u00bb4_4&#8243; _builder_version=\u00bb4.27.4&#8243; _module_preset=\u00bbdefault\u00bb global_colors_info=\u00bb{}\u00bb][et_pb_heading title=\u00bbS\u00edntesis\u00bb _builder_version=\u00bb4.27.6&#8243; _module_preset=\u00bbdefault\u00bb title_font=\u00bb|700|||||||\u00bb title_text_align=\u00bbcenter\u00bb background_color=\u00bb#FFFFFF\u00bb width=\u00bb30%\u00bb module_alignment=\u00bbcenter\u00bb min_height=\u00bb50px\u00bb height=\u00bb50px\u00bb custom_margin=\u00bb||||false|false\u00bb custom_padding=\u00bb5px||5px||true|true\u00bb custom_padding_tablet=\u00bb5px||5px||true|true\u00bb custom_padding_phone=\u00bb10px||10px||true|true\u00bb custom_padding_last_edited=\u00bbon|phone\u00bb title_font_size_tablet=\u00bb24px\u00bb title_font_size_phone=\u00bb20px\u00bb title_font_size_last_edited=\u00bbon|tablet\u00bb global_colors_info=\u00bb{}\u00bb][\/et_pb_heading][\/et_pb_column][\/et_pb_row][et_pb_row _builder_version=\u00bb4.27.4&#8243; _module_preset=\u00bbdefault\u00bb max_width=\u00bb800px\u00bb locked=\u00bboff\u00bb global_colors_info=\u00bb{}\u00bb][et_pb_column type=\u00bb4_4&#8243; _builder_version=\u00bb4.27.4&#8243; _module_preset=\u00bbdefault\u00bb global_colors_info=\u00bb{}\u00bb][et_pb_text _builder_version=\u00bb4.27.6&#8243; _module_preset=\u00bbd4e46276-f435-402d-aefa-0790d8322284&#8243; text_font=\u00bb||||||||\u00bb text_font_size=\u00bb20px\u00bb text_orientation=\u00bbcenter\u00bb text_font_size_tablet=\u00bb20px\u00bb text_font_size_phone=\u00bb16px\u00bb text_font_size_last_edited=\u00bbon|phone\u00bb global_colors_info=\u00bb{}\u00bb]<\/p>\n<p>Las metodolog\u00edas desarrolladas se aplican a la s\u00edntesis de compuestos biol\u00f3gicamente activos.<br \/>Estas aplicaciones no s\u00f3lo nos permiten evaluar su idoneidad, sino que tambi\u00e9n suponen una importante <br \/>fuente de inspiraci\u00f3n para el desarrollo de nuevas transformaciones asim\u00e9tricas, simples y eficaces.<\/p>\n<p>[\/et_pb_text][\/et_pb_column][\/et_pb_row][et_pb_row _builder_version=\u00bb4.27.5&#8243; _module_preset=\u00bbdefault\u00bb global_colors_info=\u00bb{}\u00bb][et_pb_column type=\u00bb4_4&#8243; _builder_version=\u00bb4.27.5&#8243; _module_preset=\u00bbdefault\u00bb global_colors_info=\u00bb{}\u00bb][et_pb_image src=\u00bbhttps:\/\/ssnpgroup.com\/wp-content\/uploads\/2026\/02\/Research_Synthesis-new.jpg\u00bb alt=\u00bbS\u00edntesis de compuestos biol\u00f3gicamente activos\u00bb title_text=\u00bbResearch_Synthesis-new\u00bb show_in_lightbox=\u00bbon\u00bb use_overlay=\u00bbon\u00bb overlay_icon_color=\u00bbgcid-dd0c4943-f377-4965-9207-692ed9fbe442&#8243; hover_overlay_color=\u00bbRGBA(254,243,231,0.45)\u00bb hover_icon=\u00bb&#xe050;||divi||400&#8243; align=\u00bbcenter\u00bb _builder_version=\u00bb4.27.6&#8243; _module_preset=\u00bbdefault\u00bb width=\u00bb80%\u00bb border_width_all=\u00bb1px\u00bb border_color_all=\u00bbgcid-dd0c4943-f377-4965-9207-692ed9fbe442&#8243; box_shadow_style=\u00bbpreset1&#8243; global_colors_info=\u00bb{%22gcid-dd0c4943-f377-4965-9207-692ed9fbe442%22:%91%22border_color_all%22,%22overlay_icon_color%22%93}\u00bb][\/et_pb_image][\/et_pb_column][\/et_pb_row][\/et_pb_section][et_pb_section fb_built=\u00bb1&#8243; admin_label=\u00bbCall to Action\u00bb _builder_version=\u00bb4.27.5&#8243; _module_preset=\u00bbdefault\u00bb background_color=\u00bbgcid-1f013b57-7ba5-44d4-b860-c06dfa7a0b2a\u00bb min_height=\u00bb351.2px\u00bb da_disable_devices=\u00bboff|off|off\u00bb locked=\u00bboff\u00bb collapsed=\u00bbon\u00bb global_colors_info=\u00bb{%22gcid-1f013b57-7ba5-44d4-b860-c06dfa7a0b2a%22:%91%22background_color%22%93}\u00bb da_is_popup=\u00bboff\u00bb da_exit_intent=\u00bboff\u00bb da_has_close=\u00bbon\u00bb da_alt_close=\u00bboff\u00bb da_dark_close=\u00bboff\u00bb da_not_modal=\u00bbon\u00bb da_is_singular=\u00bboff\u00bb da_with_loader=\u00bboff\u00bb da_has_shadow=\u00bbon\u00bb][et_pb_row _builder_version=\u00bb4.27.4&#8243; _module_preset=\u00bbdefault\u00bb global_colors_info=\u00bb{}\u00bb][et_pb_column type=\u00bb4_4&#8243; _builder_version=\u00bb4.27.4&#8243; _module_preset=\u00bbdefault\u00bb global_colors_info=\u00bb{}\u00bb][et_pb_cta title=\u00bbSi est\u00e1s interesado\/a en formar parte de nuestro grupo de investigaci\u00f3n\u00bb button_url=\u00bbmailto:info@ssnpgroup.com\u00bb url_new_window=\u00bbon\u00bb button_text=\u00bbPor favor, env\u00eda tu CV y una \u200b\u200bcarta de motivaci\u00f3n haciendo clic aqu\u00ed.\u00bb _builder_version=\u00bb4.27.6&#8243; _module_preset=\u00bba143bc8b-1743-4814-9a36-a009d21a892f\u00bb button_on_hover=\u00bbon\u00bb global_colors_info=\u00bb{%22gcid-primary-color%22:%91%22button_bg_color%22%93}\u00bb]<\/p>\n<p class=\"ekit-popup-modal__title ekit-popup__title\">Para investigadores postdoctorales, estudiantes de doctorado y estudiantes de M\u00e1ster.<\/p>\n<p>[\/et_pb_cta][\/et_pb_column][\/et_pb_row][\/et_pb_section]<\/p>\n","protected":false},"excerpt":{"rendered":"<p>Nuestra investigaci\u00f3n pretende desarrollar nuevos m\u00e9todos de s\u00edntesis estereoselectiva basados en la reactividad de enolatos met\u00e1licos, con el objetivo de aplicarlos a la s\u00edntesis de compuestos biol\u00f3gicamente activos. En particular, se centra en los siguientes tres campos o \u00e1reas de trabajo:Estamos interesados en el desarrollo de nuevas reacciones asim\u00e9tricas de formaci\u00f3n de enlaces carbono\u2013carbono a [&hellip;]<\/p>\n","protected":false},"author":1,"featured_media":0,"parent":0,"menu_order":0,"comment_status":"closed","ping_status":"closed","template":"","meta":{"_et_pb_use_builder":"on","_et_pb_old_content":"","_et_gb_content_width":"","footnotes":""},"class_list":["post-1728","page","type-page","status-publish","hentry"],"aioseo_notices":[],"_links":{"self":[{"href":"https:\/\/ssnpgroup.com\/es\/wp-json\/wp\/v2\/pages\/1728","targetHints":{"allow":["GET"]}}],"collection":[{"href":"https:\/\/ssnpgroup.com\/es\/wp-json\/wp\/v2\/pages"}],"about":[{"href":"https:\/\/ssnpgroup.com\/es\/wp-json\/wp\/v2\/types\/page"}],"author":[{"embeddable":true,"href":"https:\/\/ssnpgroup.com\/es\/wp-json\/wp\/v2\/users\/1"}],"replies":[{"embeddable":true,"href":"https:\/\/ssnpgroup.com\/es\/wp-json\/wp\/v2\/comments?post=1728"}],"version-history":[{"count":5,"href":"https:\/\/ssnpgroup.com\/es\/wp-json\/wp\/v2\/pages\/1728\/revisions"}],"predecessor-version":[{"id":1733,"href":"https:\/\/ssnpgroup.com\/es\/wp-json\/wp\/v2\/pages\/1728\/revisions\/1733"}],"wp:attachment":[{"href":"https:\/\/ssnpgroup.com\/es\/wp-json\/wp\/v2\/media?parent=1728"}],"curies":[{"name":"wp","href":"https:\/\/api.w.org\/{rel}","templated":true}]}}